{"id":529,"date":"2025-01-23T13:46:30","date_gmt":"2025-01-23T13:46:30","guid":{"rendered":"https:\/\/arnopatents.lv\/?page_id=529"},"modified":"2025-05-27T07:42:25","modified_gmt":"2025-05-27T07:42:25","slug":"terms-and-conditions","status":"publish","type":"page","link":"https:\/\/arnopatents.lv\/lv\/terms-and-conditions\/","title":{"rendered":"Terms and Conditions"},"content":{"rendered":"<div data-elementor-type=\"wp-page\" data-elementor-id=\"529\" class=\"elementor elementor-529\">\n\t\t\t\t\t\t<section class=\"elementor-section elementor-top-section elementor-element elementor-element-94eb9dc elementor-section-boxed elementor-section-height-default elementor-section-height-default\" data-id=\"94eb9dc\" data-element_type=\"section\" data-e-type=\"section\" data-settings=\"{&quot;background_background&quot;:&quot;classic&quot;}\">\n\t\t\t\t\t\t\t<div class=\"elementor-background-overlay\"><\/div>\n\t\t\t\t\t\t\t<div class=\"elementor-container elementor-column-gap-default\">\n\t\t\t\t\t<div class=\"elementor-column elementor-col-100 elementor-top-column elementor-element elementor-element-2b4f1fe\" data-id=\"2b4f1fe\" data-element_type=\"column\" data-e-type=\"column\">\n\t\t\t<div class=\"elementor-widget-wrap elementor-element-populated\">\n\t\t\t\t\t\t<div class=\"elementor-element elementor-element-3fac6b0 elementor-widget elementor-widget-heading\" data-id=\"3fac6b0\" data-element_type=\"widget\" data-e-type=\"widget\" data-widget_type=\"heading.default\">\n\t\t\t\t<div class=\"elementor-widget-container\">\n\t\t\t\t\t<h1 class=\"elementor-heading-title elementor-size-default\">Terms and Conditions<\/h1>\t\t\t\t<\/div>\n\t\t\t\t<\/div>\n\t\t\t\t\t<\/div>\n\t\t<\/div>\n\t\t\t\t\t<\/div>\n\t\t<\/section>\n\t\t\t\t<section class=\"elementor-section elementor-top-section elementor-element elementor-element-d2d84c4 elementor-section-boxed elementor-section-height-default elementor-section-height-default\" data-id=\"d2d84c4\" data-element_type=\"section\" data-e-type=\"section\">\n\t\t\t\t\t\t<div class=\"elementor-container elementor-column-gap-default\">\n\t\t\t\t\t<div class=\"elementor-column elementor-col-100 elementor-top-column elementor-element elementor-element-509728b\" data-id=\"509728b\" data-element_type=\"column\" data-e-type=\"column\">\n\t\t\t<div class=\"elementor-widget-wrap elementor-element-populated\">\n\t\t\t\t\t\t<div class=\"elementor-element elementor-element-5cf1026 elementor-widget elementor-widget-text-editor\" data-id=\"5cf1026\" data-element_type=\"widget\" data-e-type=\"widget\" data-widget_type=\"text-editor.default\">\n\t\t\t\t<div class=\"elementor-widget-container\">\n\t\t\t\t\t\t\t\t\t<h3><strong>Noteikumi un nosac\u012bjumi lietojot Link Pay<\/strong><\/h3><ol><li><p class=\"translation-block\">Visp\u0101r\u0113jie noteikumi\n1.1. Maks\u0101jumu veic\u0113js (klients) piekr\u012bt, ka ar maks\u0101juma veik\u0161anu tiek apstiprin\u0101ta vieno\u0161an\u0101s par sniegto juridisko pakalpojumu apmaksu.\n1.2. Sniedzot juridiskos pakalpojumus, tiek iev\u0113rotas visas Latvijas Republikas sp\u0113k\u0101 eso\u0161\u0101s normat\u012bvo aktu pras\u012bbas.<\/p><\/li><li><p class=\"translation-block\">Maks\u0101jumu k\u0101rt\u012bba\n2.1. Maks\u0101jumi tiek veikti, izmantojot nor\u0101d\u012bto saiti, kas nodro\u0161ina dro\u0161u maks\u0101jumu apstr\u0101di.\n2.2. Maks\u0101jumu summas atbilst iepriek\u0161 nosl\u0113gtajam l\u012bgumam vai izsniegtajam r\u0113\u0137inam.<\/p><\/li><li><p class=\"translation-block\">Atteikuma ties\u012bbas\n3.1. Klients ir ties\u012bgs atteikties no sniegt\u0101 juridisk\u0101 pakalpojuma, ja tas v\u0113l nav uzs\u0101kts.\n3.2. Atteikuma ties\u012bbas netiek piem\u0113rotas gad\u012bjumos, ja pakalpojuma snieg\u0161ana ir s\u0101kta p\u0113c klienta piepras\u012bjuma.<\/p><\/li><li><p class=\"translation-block\">Priv\u0101tuma aizsardz\u012bba\n4.1. Visa klienta sniegt\u0101 inform\u0101cija tiek apstr\u0101d\u0101ta atbilsto\u0161i Visp\u0101r\u012bg\u0101s datu aizsardz\u012bbas regulas (GDPR) pras\u012bb\u0101m.\n4.2. Maks\u0101jumu dati tiek izmantoti tikai maks\u0101juma apstr\u0101dei un netiek nodoti tre\u0161aj\u0101m pus\u0113m.<\/p><\/li><li><p class=\"translation-block\">Str\u012bdu izskat\u012b\u0161ana\n5.1. Jebk\u0101di str\u012bdi saist\u012bb\u0101 ar maks\u0101jumiem vai sniegtajiem pakalpojumiem tiek risin\u0101ti savstarp\u0113ji vienojoties.\n5.2. Gad\u012bjumos, kad vieno\u0161an\u0101s netiek pan\u0101kta, str\u012bdi tiek izskat\u012bti saska\u0146\u0101 ar Latvijas Republikas ties\u012bbu aktiem.<\/p><\/li><\/ol>\t\t\t\t\t\t\t\t<\/div>\n\t\t\t\t<\/div>\n\t\t\t\t\t<\/div>\n\t\t<\/div>\n\t\t\t\t\t<\/div>\n\t\t<\/section>\n\t\t\t\t<\/div>","protected":false},"excerpt":{"rendered":"<p>Terms and Conditions Terms and Conditions for using Link Pay General Provisions1.1. The payer (client) agrees that by making the payment, they confirm acceptance of the agreement for the provided legal services.1.2. The legal services are provided in compliance with the applicable laws and regulations of the Republic of Latvia. Payment Terms2.1. Payments are made [&hellip;]<\/p>\n","protected":false},"author":1,"featured_media":0,"parent":0,"menu_order":0,"comment_status":"closed","ping_status":"closed","template":"","meta":{"site-sidebar-layout":"no-sidebar","site-content-layout":"page-builder","ast-site-content-layout":"full-width-container","site-content-style":"unboxed","site-sidebar-style":"unboxed","ast-global-header-display":"","ast-banner-title-visibility":"","ast-main-header-display":"","ast-hfb-above-header-display":"","ast-hfb-below-header-display":"","ast-hfb-mobile-header-display":"","site-post-title":"disabled","ast-breadcrumbs-content":"","ast-featured-img":"disabled","footer-sml-layout":"","ast-disable-related-posts":"","theme-transparent-header-meta":"enabled","adv-header-id-meta":"","stick-header-meta":"","header-above-stick-meta":"","header-main-stick-meta":"","header-below-stick-meta":"","astra-migrate-meta-layouts":"set","ast-page-background-enabled":"default","ast-page-background-meta":{"desktop":{"background-color":"var(--ast-global-color-4)","background-image":"","background-repeat":"repeat","background-position":"center center","background-size":"auto","background-attachment":"scroll","background-type":"","background-media":"","overlay-type":"","overlay-color":"","overlay-opacity":"","overlay-gradient":""},"tablet":{"background-color":"","background-image":"","background-repeat":"repeat","background-position":"center center","background-size":"auto","background-attachment":"scroll","background-type":"","background-media":"","overlay-type":"","overlay-color":"","overlay-opacity":"","overlay-gradient":""},"mobile":{"background-color":"","background-image":"","background-repeat":"repeat","background-position":"center center","background-size":"auto","background-attachment":"scroll","background-type":"","background-media":"","overlay-type":"","overlay-color":"","overlay-opacity":"","overlay-gradient":""}},"ast-content-background-meta":{"desktop":{"background-color":"var(--ast-global-color-5)","background-image":"","background-repeat":"repeat","background-position":"center center","background-size":"auto","background-attachment":"scroll","background-type":"","background-media":"","overlay-type":"","overlay-color":"","overlay-opacity":"","overlay-gradient":""},"tablet":{"background-color":"var(--ast-global-color-5)","background-image":"","background-repeat":"repeat","background-position":"center center","background-size":"auto","background-attachment":"scroll","background-type":"","background-media":"","overlay-type":"","overlay-color":"","overlay-opacity":"","overlay-gradient":""},"mobile":{"background-color":"var(--ast-global-color-5)","background-image":"","background-repeat":"repeat","background-position":"center center","background-size":"auto","background-attachment":"scroll","background-type":"","background-media":"","overlay-type":"","overlay-color":"","overlay-opacity":"","overlay-gradient":""}},"footnotes":""},"class_list":["post-529","page","type-page","status-publish","hentry"],"_links":{"self":[{"href":"https:\/\/arnopatents.lv\/lv\/wp-json\/wp\/v2\/pages\/529","targetHints":{"allow":["GET"]}}],"collection":[{"href":"https:\/\/arnopatents.lv\/lv\/wp-json\/wp\/v2\/pages"}],"about":[{"href":"https:\/\/arnopatents.lv\/lv\/wp-json\/wp\/v2\/types\/page"}],"author":[{"embeddable":true,"href":"https:\/\/arnopatents.lv\/lv\/wp-json\/wp\/v2\/users\/1"}],"replies":[{"embeddable":true,"href":"https:\/\/arnopatents.lv\/lv\/wp-json\/wp\/v2\/comments?post=529"}],"version-history":[{"count":8,"href":"https:\/\/arnopatents.lv\/lv\/wp-json\/wp\/v2\/pages\/529\/revisions"}],"predecessor-version":[{"id":651,"href":"https:\/\/arnopatents.lv\/lv\/wp-json\/wp\/v2\/pages\/529\/revisions\/651"}],"wp:attachment":[{"href":"https:\/\/arnopatents.lv\/lv\/wp-json\/wp\/v2\/media?parent=529"}],"curies":[{"name":"wp","href":"https:\/\/api.w.org\/{rel}","templated":true}]}}